{"id":167,"date":"2024-10-13T20:35:47","date_gmt":"2024-10-13T18:35:47","guid":{"rendered":"https:\/\/www.asa365.nu\/ny\/?page_id=167"},"modified":"2024-10-13T20:36:48","modified_gmt":"2024-10-13T18:36:48","slug":"om","status":"publish","type":"page","link":"https:\/\/www.asa365.nu\/ny\/om-asa-365\/om\/","title":{"rendered":"Om oss"},"content":{"rendered":"\n<p>\u00c5sa 365 \u00e4r en ideell och opolitisk samh\u00e4llsf\u00f6rening med visionen att g\u00f6ra orten \u00c5sa till ett levande samh\u00e4lle trehundrasextiofem dagar om \u00e5ret. F\u00f6reningens m\u00e5ls\u00e4ttningar fastst\u00e4lls av alla som vill n\u00e5gonting med \u00c5sa och sedan \u00e4r tanken att \u00c5SA 365 ska finnas d\u00e4r f\u00f6r att st\u00f6tta, hitta samarbeten, hj\u00e4lpa och driva aktuella projekt och fr\u00e5gor. Det kan handla om allt fr\u00e5n initiativ som utvecklar turistdestinationen \u00c5sa till aktiviteter som bidrar till ett levande centrum eller fr\u00e5gor som borde v\u00e4ckas hos Kungsbacka kommun.<\/p>\n\n\n\n<p><\/p>\n","protected":false},"excerpt":{"rendered":"<p>\u00c5sa 365 \u00e4r en ideell och opolitisk samh\u00e4llsf\u00f6rening med visionen att g\u00f6ra orten \u00c5sa till ett levande samh\u00e4lle trehundrasextiofem dagar om \u00e5ret. F\u00f6reningens m\u00e5ls\u00e4ttningar fastst\u00e4lls av alla som vill n\u00e5gonting med \u00c5sa och sedan \u00e4r tanken att \u00c5SA 365 ska finnas d\u00e4r f\u00f6r att st\u00f6tta, hitta samarbeten, hj\u00e4lpa och driva aktuella projekt och fr\u00e5gor. Det [&hellip;]<\/p>\n","protected":false},"author":1,"featured_media":0,"parent":137,"menu_order":0,"comment_status":"closed","ping_status":"closed","template":"","meta":{"ngg_post_thumbnail":0,"footnotes":""},"class_list":["post-167","page","type-page","status-publish","hentry"],"_links":{"self":[{"href":"https:\/\/www.asa365.nu\/ny\/wp-json\/wp\/v2\/pages\/167","targetHints":{"allow":["GET"]}}],"collection":[{"href":"https:\/\/www.asa365.nu\/ny\/wp-json\/wp\/v2\/pages"}],"about":[{"href":"https:\/\/www.asa365.nu\/ny\/wp-json\/wp\/v2\/types\/page"}],"author":[{"embeddable":true,"href":"https:\/\/www.asa365.nu\/ny\/wp-json\/wp\/v2\/users\/1"}],"replies":[{"embeddable":true,"href":"https:\/\/www.asa365.nu\/ny\/wp-json\/wp\/v2\/comments?post=167"}],"version-history":[{"count":2,"href":"https:\/\/www.asa365.nu\/ny\/wp-json\/wp\/v2\/pages\/167\/revisions"}],"predecessor-version":[{"id":169,"href":"https:\/\/www.asa365.nu\/ny\/wp-json\/wp\/v2\/pages\/167\/revisions\/169"}],"up":[{"embeddable":true,"href":"https:\/\/www.asa365.nu\/ny\/wp-json\/wp\/v2\/pages\/137"}],"wp:attachment":[{"href":"https:\/\/www.asa365.nu\/ny\/wp-json\/wp\/v2\/media?parent=167"}],"curies":[{"name":"wp","href":"https:\/\/api.w.org\/{rel}","templated":true}]}}