{"id":16,"date":"2024-10-13T12:33:54","date_gmt":"2024-10-13T10:33:54","guid":{"rendered":"https:\/\/www.asa365.nu\/ny\/?page_id=16"},"modified":"2024-10-14T20:50:40","modified_gmt":"2024-10-14T18:50:40","slug":"asa-365","status":"publish","type":"page","link":"https:\/\/www.asa365.nu\/ny\/","title":{"rendered":"\u00c5sa 365"},"content":{"rendered":"\n<div class=\"wp-block-group alignfull has-base-background-color has-background has-global-padding is-layout-constrained wp-container-core-group-is-layout-2 wp-block-group-is-layout-constrained\" style=\"margin-top:0;margin-bottom:0;padding-top:var(--wp--preset--spacing--10);padding-right:0;padding-bottom:var(--wp--preset--spacing--10);padding-left:0\">\n<div class=\"wp-block-group alignfull has-accent-5-background-color has-background has-global-padding is-layout-constrained wp-container-core-group-is-layout-1 wp-block-group-is-layout-constrained\" style=\"margin-top:0;margin-bottom:0;padding-top:var(--wp--preset--spacing--50);padding-right:var(--wp--preset--spacing--50);padding-bottom:var(--wp--preset--spacing--50);padding-left:var(--wp--preset--spacing--50)\">\n<div class=\"wp-block-columns alignwide is-layout-flex wp-container-core-columns-is-layout-1 wp-block-columns-is-layout-flex\">\n<div class=\"wp-block-column is-vertically-aligned-center is-layout-flow wp-block-column-is-layout-flow\" style=\"flex-basis:60%\">\n<figure class=\"wp-block-image alignright size-large is-resized is-style-rounded is-style-rounded--1\"><img loading=\"lazy\" decoding=\"async\" width=\"1024\" height=\"473\" src=\"https:\/\/www.asa365.nu\/ny\/wp-content\/uploads\/sites\/2\/2024\/10\/20240914_142357_smal-1024x473.jpg\" alt=\"\" class=\"wp-image-119\" style=\"width:529px;height:auto\" srcset=\"https:\/\/www.asa365.nu\/ny\/wp-content\/uploads\/sites\/2\/2024\/10\/20240914_142357_smal-1024x473.jpg 1024w, https:\/\/www.asa365.nu\/ny\/wp-content\/uploads\/sites\/2\/2024\/10\/20240914_142357_smal-300x139.jpg 300w, https:\/\/www.asa365.nu\/ny\/wp-content\/uploads\/sites\/2\/2024\/10\/20240914_142357_smal-768x355.jpg 768w, https:\/\/www.asa365.nu\/ny\/wp-content\/uploads\/sites\/2\/2024\/10\/20240914_142357_smal.jpg 1200w\" sizes=\"auto, (max-width: 1024px) 100vw, 1024px\" \/><\/figure>\n<\/div>\n\n\n\n<div class=\"wp-block-column is-layout-flow wp-block-column-is-layout-flow\" style=\"flex-basis:40%\">\n<h2 class=\"wp-block-heading has-text-align-left\">Vi arbetar f\u00f6r att \u00c5sa ska leva 365 dagar om \u00e5ret<\/h2>\n\n\n\n<p>Engagera dig eller var ett passivt st\u00f6d. Du v\u00e4ljer sj\u00e4lv!<\/p>\n\n\n\n<div class=\"wp-block-buttons is-layout-flex wp-block-buttons-is-layout-flex\">\n<div class=\"wp-block-button\"><a class=\"wp-block-button__link wp-element-button\" href=\"https:\/\/www.asa365.nu\/ny\/medlem\/\">Bli medlem du ocks\u00e5<\/a><\/div>\n<\/div>\n<\/div>\n<\/div>\n<\/div>\n<\/div>\n\n\n\n<div class=\"wp-block-group alignfull has-global-padding is-layout-constrained wp-block-group-is-layout-constrained\">\n<div class=\"wp-block-group has-global-padding is-layout-constrained wp-block-group-is-layout-constrained\">\n<div class=\"wp-block-query alignfull is-layout-flow wp-block-query-is-layout-flow\"><ul class=\"wp-block-post-template is-layout-flow wp-block-post-template-is-layout-flow\"><li class=\"wp-block-post post-74 post type-post status-publish format-standard has-post-thumbnail hentry category-okategoriserade\">\n<h2 class=\"wp-block-post-title\"><a href=\"https:\/\/www.asa365.nu\/ny\/2024\/10\/13\/jul-i-asa\/\" target=\"_self\" >Jul i \u00c5sa<\/a><\/h2>\n\n<figure class=\"alignwide wp-block-post-featured-image\"><a href=\"https:\/\/www.asa365.nu\/ny\/2024\/10\/13\/jul-i-asa\/\" target=\"_self\"  ><img loading=\"lazy\" decoding=\"async\" width=\"1089\" height=\"375\" src=\"https:\/\/www.asa365.nu\/ny\/wp-content\/uploads\/sites\/2\/2024\/10\/Screenshot-from-2024-10-13-14-04-13.png\" class=\"attachment-post-thumbnail size-post-thumbnail wp-post-image\" alt=\"Jul i \u00c5sa\" style=\"object-fit:cover;\" srcset=\"https:\/\/www.asa365.nu\/ny\/wp-content\/uploads\/sites\/2\/2024\/10\/Screenshot-from-2024-10-13-14-04-13.png 1089w, https:\/\/www.asa365.nu\/ny\/wp-content\/uploads\/sites\/2\/2024\/10\/Screenshot-from-2024-10-13-14-04-13-300x103.png 300w, https:\/\/www.asa365.nu\/ny\/wp-content\/uploads\/sites\/2\/2024\/10\/Screenshot-from-2024-10-13-14-04-13-1024x353.png 1024w, https:\/\/www.asa365.nu\/ny\/wp-content\/uploads\/sites\/2\/2024\/10\/Screenshot-from-2024-10-13-14-04-13-768x264.png 768w\" sizes=\"auto, (max-width: 1089px) 100vw, 1089px\" \/><\/a><\/figure>\n\n<div class=\"wp-block-post-excerpt\"><p class=\"wp-block-post-excerpt__excerpt\">D\u00e5 \u00e4r det dags att f\u00f6rbereda sig f\u00f6r v\u00e5rt n\u00e4st event h\u00e4r i \u00c5sa, Jul i \u00c5sa.Detta blir v\u00e5rt tredje \u201dJul i \u00c5sa\u201d i ordningen och har varit v\u00e4lbes\u00f6kt och uppskattat av b\u00e5de bes\u00f6kare och utst\u00e4llare. Vill du delta och inte f\u00e5tt inbjudan s\u00e5 skriv till oss info@asa365.nu F\u00f6r att vi skall kunna forts\u00e4tta med&hellip; <\/p><\/div>\n\n\n<hr class=\"wp-block-separator has-css-opacity\"\/>\n\n\n<div class=\"wp-block-post-date\"><time datetime=\"2024-10-13T14:12:10+02:00\">2024-10-13<\/time><\/div>\n<\/li><li class=\"wp-block-post post-57 post type-post status-publish format-standard hentry category-okategoriserade\">\n<h2 class=\"wp-block-post-title\"><a href=\"https:\/\/www.asa365.nu\/ny\/2024\/10\/13\/uppdaterad-hemsida\/\" target=\"_self\" >Uppdaterad hemsida<\/a><\/h2>\n\n\n\n<div class=\"wp-block-post-excerpt\"><p class=\"wp-block-post-excerpt__excerpt\">Arbetet att uppdatera v\u00e5r hemsida har p\u00e5b\u00f6rjats. Mycket kan \u00e4ndras under kort tid. Vi ber om urs\u00e4kt f\u00f6r st\u00f6ket <\/p><\/div>\n\n\n<hr class=\"wp-block-separator has-css-opacity\"\/>\n\n\n<div class=\"wp-block-post-date\"><time datetime=\"2024-10-13T13:23:20+02:00\">2024-10-13<\/time><\/div>\n<\/li><\/ul><\/div>\n<\/div>\n<\/div>\n\n\n\n<hr class=\"wp-block-separator has-alpha-channel-opacity is-style-wide\" style=\"margin-top:var(--wp--preset--spacing--20);margin-bottom:var(--wp--preset--spacing--20)\"\/>\n\n\n\n<h3 class=\"wp-block-heading\"><strong>Sponsorer till Nattvandrarna \u00c5sa<\/strong><\/h3>\n\n\n\n<p>F\u00f6r mer information, se <a href=\"https:\/\/www.asa365.nu\/ny\/nattvandring\/sponsorer\/\" data-type=\"page\" data-id=\"83\">Nattvandrarna \u00c5sa \/ Sponsorer<\/a><\/p>\n\n\n\n<div class=\"wp-block-group alignfull has-global-padding is-layout-constrained wp-block-group-is-layout-constrained\">\nngg_shortcode_0_placeholder\n<\/div>\n\n\n\n<p><\/p>\n","protected":false},"excerpt":{"rendered":"<p>Vi arbetar f\u00f6r att \u00c5sa ska leva 365 dagar om \u00e5ret Engagera dig eller var ett passivt st\u00f6d. Du v\u00e4ljer sj\u00e4lv! Sponsorer till Nattvandrarna \u00c5sa F\u00f6r mer information, se Nattvandrarna \u00c5sa \/ Sponsorer<\/p>\n","protected":false},"author":1,"featured_media":0,"parent":0,"menu_order":1,"comment_status":"closed","ping_status":"closed","template":"page-no-title","meta":{"ngg_post_thumbnail":0,"footnotes":""},"class_list":["post-16","page","type-page","status-publish","hentry"],"_links":{"self":[{"href":"https:\/\/www.asa365.nu\/ny\/wp-json\/wp\/v2\/pages\/16","targetHints":{"allow":["GET"]}}],"collection":[{"href":"https:\/\/www.asa365.nu\/ny\/wp-json\/wp\/v2\/pages"}],"about":[{"href":"https:\/\/www.asa365.nu\/ny\/wp-json\/wp\/v2\/types\/page"}],"author":[{"embeddable":true,"href":"https:\/\/www.asa365.nu\/ny\/wp-json\/wp\/v2\/users\/1"}],"replies":[{"embeddable":true,"href":"https:\/\/www.asa365.nu\/ny\/wp-json\/wp\/v2\/comments?post=16"}],"version-history":[{"count":34,"href":"https:\/\/www.asa365.nu\/ny\/wp-json\/wp\/v2\/pages\/16\/revisions"}],"predecessor-version":[{"id":245,"href":"https:\/\/www.asa365.nu\/ny\/wp-json\/wp\/v2\/pages\/16\/revisions\/245"}],"wp:attachment":[{"href":"https:\/\/www.asa365.nu\/ny\/wp-json\/wp\/v2\/media?parent=16"}],"curies":[{"name":"wp","href":"https:\/\/api.w.org\/{rel}","templated":true}]}}