{"id":12,"date":"2024-10-13T12:27:58","date_gmt":"2024-10-13T10:27:58","guid":{"rendered":"https:\/\/www.asa365.nu\/ny\/?page_id=12"},"modified":"2024-10-14T21:00:23","modified_gmt":"2024-10-14T19:00:23","slug":"medlem","status":"publish","type":"page","link":"https:\/\/www.asa365.nu\/ny\/medlem\/","title":{"rendered":"Medlem"},"content":{"rendered":"\n<div class=\"wp-block-group alignfull has-base-background-color has-background has-global-padding is-layout-constrained wp-container-core-group-is-layout-2 wp-block-group-is-layout-constrained\" style=\"margin-top:var(--wp--preset--spacing--10);margin-bottom:var(--wp--preset--spacing--10);padding-top:var(--wp--preset--spacing--40);padding-right:var(--wp--preset--spacing--50);padding-bottom:var(--wp--preset--spacing--40);padding-left:var(--wp--preset--spacing--50)\">\n<blockquote class=\"wp-block-quote is-layout-flow wp-container-core-quote-is-layout-1 wp-block-quote-is-layout-flow\">\n<p>Engagera dig eller bli st\u00f6dmedlem<\/p>\n<cite>Ju fler desto starkare blir vi<\/cite><\/blockquote>\n\n\n\n<div class=\"wp-block-columns is-layout-flex wp-container-core-columns-is-layout-1 wp-block-columns-is-layout-flex\" style=\"margin-top:0;margin-bottom:0;padding-top:0;padding-right:0;padding-bottom:0;padding-left:0\">\n<div class=\"wp-block-column is-vertically-aligned-stretch is-layout-flow wp-block-column-is-layout-flow\" style=\"padding-top:var(--wp--preset--spacing--10);padding-bottom:var(--wp--preset--spacing--10)\">\n<div class=\"wp-block-group is-vertical is-content-justification-left is-layout-flex wp-container-core-group-is-layout-1 wp-block-group-is-layout-flex\" style=\"min-height:100%\">\n<h3 class=\"wp-block-heading\">Endast 150 kr f\u00f6r ett helt \u00e5r.<\/h3>\n\n\n\n<h2 class=\"wp-block-heading\">Du kan vara passiv medlem eller engagera dig i de fr\u00e5gor som g\u00e4ller din hemort. Du v\u00e4ljer sj\u00e4lv<\/h2>\n\n\n\n<ul class=\"wp-block-list\"><\/ul>\n<\/div>\n<\/div>\n\n\n\n<div class=\"wp-block-column is-vertically-aligned-top is-layout-flow wp-block-column-is-layout-flow\" style=\"padding-top:var(--wp--preset--spacing--10);padding-right:var(--wp--preset--spacing--10);padding-bottom:var(--wp--preset--spacing--10);padding-left:var(--wp--preset--spacing--10);flex-basis:140px\">\n<figure class=\"wp-block-image alignright size-full is-resized\"><img loading=\"lazy\" decoding=\"async\" width=\"150\" height=\"89\" src=\"https:\/\/www.asa365.nu\/ny\/wp-content\/uploads\/sites\/2\/2024\/10\/Asa365-hogupplost.png\" alt=\"\" class=\"wp-image-19\" style=\"width:140px;height:auto\"\/><\/figure>\n<\/div>\n<\/div>\n\n\n\n<p>\u00c5sa 365 \u00e4r en ideell och opolitisk samh\u00e4llsf\u00f6rening med visionen att g\u00f6ra orten \u00c5sa till ett levande samh\u00e4lle trehundrasextiofem dagar om \u00e5ret. F\u00f6reningens m\u00e5ls\u00e4ttningar fastst\u00e4lls av alla som vill n\u00e5gonting med \u00c5sa och sedan \u00e4r tanken att \u00c5SA 365 ska finnas d\u00e4r f\u00f6r att st\u00f6tta, hitta samarbeten, hj\u00e4lpa och driva aktuella projekt och fr\u00e5gor. Det kan handla om allt fr\u00e5n initiativ som utvecklar turistdestinationen \u00c5sa till aktiviteter som bidrar till ett levande centrum eller fr\u00e5gor som borde v\u00e4ckas hos Kungsbacka kommun.<\/p>\n\n\n\n<ul class=\"wp-block-list\">\n<li>Swish: 123 592 41 62<\/li>\n\n\n\n<li>Bankgiro: 583-7851<\/li>\n\n\n\n<li>150 kr OBS Gl\u00f6m inte dina kontaktuppgifter<\/li>\n<\/ul>\n<\/div>\n\n\n\n<p><\/p>\n","protected":false},"excerpt":{"rendered":"<p>Engagera dig eller bli st\u00f6dmedlem Endast 150 kr f\u00f6r ett helt \u00e5r. Du kan vara passiv medlem eller engagera dig i de fr\u00e5gor som g\u00e4ller din hemort. Du v\u00e4ljer sj\u00e4lv \u00c5sa 365 \u00e4r en ideell och opolitisk samh\u00e4llsf\u00f6rening med visionen att g\u00f6ra orten \u00c5sa till ett levande samh\u00e4lle trehundrasextiofem dagar om \u00e5ret. F\u00f6reningens m\u00e5ls\u00e4ttningar fastst\u00e4lls [&hellip;]<\/p>\n","protected":false},"author":1,"featured_media":0,"parent":0,"menu_order":20,"comment_status":"closed","ping_status":"closed","template":"page-no-title","meta":{"ngg_post_thumbnail":0,"footnotes":""},"class_list":["post-12","page","type-page","status-publish","hentry"],"_links":{"self":[{"href":"https:\/\/www.asa365.nu\/ny\/wp-json\/wp\/v2\/pages\/12","targetHints":{"allow":["GET"]}}],"collection":[{"href":"https:\/\/www.asa365.nu\/ny\/wp-json\/wp\/v2\/pages"}],"about":[{"href":"https:\/\/www.asa365.nu\/ny\/wp-json\/wp\/v2\/types\/page"}],"author":[{"embeddable":true,"href":"https:\/\/www.asa365.nu\/ny\/wp-json\/wp\/v2\/users\/1"}],"replies":[{"embeddable":true,"href":"https:\/\/www.asa365.nu\/ny\/wp-json\/wp\/v2\/comments?post=12"}],"version-history":[{"count":22,"href":"https:\/\/www.asa365.nu\/ny\/wp-json\/wp\/v2\/pages\/12\/revisions"}],"predecessor-version":[{"id":255,"href":"https:\/\/www.asa365.nu\/ny\/wp-json\/wp\/v2\/pages\/12\/revisions\/255"}],"wp:attachment":[{"href":"https:\/\/www.asa365.nu\/ny\/wp-json\/wp\/v2\/media?parent=12"}],"curies":[{"name":"wp","href":"https:\/\/api.w.org\/{rel}","templated":true}]}}